{"id":1789,"date":"2017-11-13T14:47:30","date_gmt":"2017-11-13T14:47:30","guid":{"rendered":"http:\/\/diviecommerce.aspengrovestudios.space\/?page_id=1789"},"modified":"2025-05-14T07:28:52","modified_gmt":"2025-05-14T07:28:52","slug":"tarinamme","status":"publish","type":"page","link":"https:\/\/kuuk.fi\/en\/tarinamme\/","title":{"rendered":"Our story"},"content":{"rendered":"<p>[et_pb_section fb_built=&#8221;1&#8243; custom_padding_last_edited=&#8221;on|desktop&#8221; _builder_version=&#8221;4.16&#8243; _module_preset=&#8221;default&#8221; custom_padding=&#8221;80px||||false|false&#8221; custom_padding_tablet=&#8221;60px||||false|false&#8221; custom_padding_phone=&#8221;40px||||false|false&#8221; global_colors_info=&#8221;{}&#8221;][et_pb_row column_structure=&#8221;2_3,1_3&#8243; use_custom_gutter=&#8221;on&#8221; gutter_width=&#8221;3&#8243; module_class=&#8221;dsdep-small-row &#8221; _builder_version=&#8221;4.16&#8243; _module_preset=&#8221;default&#8221; custom_padding=&#8221;0px|||||&#8221; global_colors_info=&#8221;{}&#8221;][et_pb_column type=&#8221;2_3&#8243; _builder_version=&#8221;4.16&#8243; _module_preset=&#8221;default&#8221; global_colors_info=&#8221;{}&#8221;][et_pb_text _builder_version=&#8221;4.16&#8243; _module_preset=&#8221;default&#8221; header_font_size=&#8221;34px&#8221; global_colors_info=&#8221;{}&#8221;]<\/p>\n<h1>Kuukkeli syntyi palosta tehd\u00e4 sit\u00e4, mik\u00e4 tekee meid\u00e4t onnelliseksi<\/h1>\n<p>[\/et_pb_text][et_pb_text _builder_version=&#8221;4.16&#8243; _module_preset=&#8221;default&#8221; header_font=&#8221;|600|||||||&#8221; header_font_size=&#8221;40px&#8221; global_colors_info=&#8221;{}&#8221;]<\/p>\n<p>Verkkokauppamme syntyi, kun ihastuimme suomalaiseen koivuvaneriin niin palavasti, ett\u00e4 halusimme auttaa my\u00f6s muita taiteilijoita ja yritt\u00e4ji\u00e4 kehitt\u00e4m\u00e4\u00e4n omia tuoteperheit\u00e4 omalla br\u00e4ndill\u00e4\u00e4n. Kuukkeliksi kauppamme ristittiin pohjoisten metsien mystisen sielulinnun mukaan, tavoitteenamme tehd\u00e4 sit\u00e4, mik\u00e4 tekee meid\u00e4t onnellisiksi.<\/p>\n<p>Kuukkelin kohtaa helpoiten pohjoisen karuissa metsiss\u00e4, vanhojen naavoittuneiden puiden siimeksess\u00e4. Etenkin talvisin n\u00e4m\u00e4 Pohjolan pienimm\u00e4t varislinnut seikkailevat asumusten pihapiireiss\u00e4, er\u00e4k\u00e4mpill\u00e4 ja leirinuotioilla \u2013 siell\u00e4, miss\u00e4 luonto kohtaa ihmisen ja nokka voisi noukkia ruoant\u00e4hteit\u00e4 vatsanpohjaa t\u00e4ytt\u00e4m\u00e4\u00e4n.<\/p>\n<p>Kuukkelia on monessa yhteydess\u00e4 kuvattu sielulinnuksi, johon ihmisen sielu siirtyy kuoleman j\u00e4lkeen. Sen erityisominaisuutena on pidetty kyky\u00e4 tuottaa onnea, sill\u00e4 mets\u00e4st\u00e4j\u00e4lle ja mets\u00e4t\u00f6it\u00e4 tekev\u00e4lle kuukkelin ilmestyminen paikalle on enteillyt hyvin sujuvia t\u00f6it\u00e4 ja mukavaa saalista. Samoin me uskomme lis\u00e4myyntituotteidemme tuovan onnea ja hyv\u00e4\u00e4 menestyst\u00e4 kumppaneillemme.<\/p>\n<p>Uniikit ja ekologiset lis\u00e4myyntituotteet syntyv\u00e4t tahdosta tehd\u00e4 sit\u00e4, mit\u00e4 meit\u00e4 sytytt\u00e4\u00e4 \u2013 niille, jotka tekev\u00e4t omaa ty\u00f6t\u00e4\u00e4n palosta br\u00e4ndi\u00e4\u00e4n kohtaan. Meit\u00e4 inspiroivat suomalainen luonto, tarinat, tunturit, mets\u00e4t ja t\u00e4htitaivaat. Saammeko pyr\u00e4ht\u00e4\u00e4 Kuukkelin kanssa paikalle inspiroitumaan yhdess\u00e4 my\u00f6s sinun br\u00e4ndist\u00e4si?<\/p>\n<p>[\/et_pb_text][\/et_pb_column][et_pb_column type=&#8221;1_3&#8243; _builder_version=&#8221;4.16&#8243; _module_preset=&#8221;default&#8221; global_colors_info=&#8221;{}&#8221;][et_pb_image src=&#8221;https:\/\/kuuk.fi\/wp-content\/uploads\/2022\/03\/KuuK_BrandattyVanerikoru.jpg&#8221; title_text=&#8221;KuuK_BrandattyVanerikoru&#8221; _builder_version=&#8221;4.16&#8243; _module_preset=&#8221;default&#8221; border_radii=&#8221;on|6px|6px|6px|6px&#8221; global_colors_info=&#8221;{}&#8221;][\/et_pb_image][\/et_pb_column][\/et_pb_row][\/et_pb_section][et_pb_section fb_built=&#8221;1&#8243; next_background_color=&#8221;#ffffff&#8221; module_class=&#8221;dsdep-background-color-primary &#8221; _builder_version=&#8221;4.17.3&#8243; _module_preset=&#8221;default&#8221; background_enable_color=&#8221;off&#8221; background_color_gradient_start=&#8221;rgba(35,35,35,0.66)&#8221; background_color_gradient_end=&#8221;rgba(35,35,35,0.68)&#8221; background_image=&#8221;https:\/\/kuuk.fi\/wp-content\/uploads\/2022\/05\/278694493_452191800041587_6663628097178691935_n.jpg&#8221; parallax=&#8221;on&#8221; parallax_method=&#8221;off&#8221; custom_padding=&#8221;250px||250px||false|false&#8221; top_divider_style=&#8221;wave&#8221; top_divider_color=&#8221;#FFFFFF&#8221; top_divider_height=&#8221;50px&#8221; top_divider_height_tablet=&#8221;50px&#8221; top_divider_height_phone=&#8221;25px&#8221; top_divider_height_last_edited=&#8221;on|phone&#8221; bottom_divider_style=&#8221;wave&#8221; bottom_divider_height=&#8221;50px&#8221; bottom_divider_flip=&#8221;horizontal|vertical&#8221; bottom_divider_height_tablet=&#8221;50px&#8221; bottom_divider_height_phone=&#8221;25px&#8221; bottom_divider_height_last_edited=&#8221;on|phone&#8221; background_last_edited=&#8221;on|phone&#8221; global_colors_info=&#8221;{}&#8221;][et_pb_row _builder_version=&#8221;4.17.3&#8243; _module_preset=&#8221;default&#8221; width_tablet=&#8221;&#8221; width_phone=&#8221;95%&#8221; width_last_edited=&#8221;on|phone&#8221; global_colors_info=&#8221;{}&#8221;][et_pb_column type=&#8221;4_4&#8243; _builder_version=&#8221;4.16&#8243; _module_preset=&#8221;default&#8221; global_colors_info=&#8221;{}&#8221;][et_pb_text admin_label=&#8221;Quote&#8221; _builder_version=&#8221;4.17.3&#8243; _module_preset=&#8221;default&#8221; text_font=&#8221;|600|||||||&#8221; text_text_color=&#8221;#FFFFFF&#8221; text_font_size=&#8221;20px&#8221; text_line_height=&#8221;1.5em&#8221; background_enable_color=&#8221;off&#8221; text_orientation=&#8221;center&#8221; background_layout=&#8221;dark&#8221; max_width=&#8221;900px&#8221; module_alignment=&#8221;center&#8221; custom_margin=&#8221;||||false|false&#8221; custom_padding=&#8221;50px|50px|50px|50px|true|true&#8221; text_font_tablet=&#8221;|600|||||||&#8221; text_font_phone=&#8221;|600|||||||&#8221; text_font_last_edited=&#8221;on|phone&#8221; text_font_size_tablet=&#8221;16px&#8221; text_font_size_phone=&#8221;14px&#8221; text_font_size_last_edited=&#8221;on|tablet&#8221; text_text_shadow_style=&#8221;preset3&#8243; border_radii=&#8221;on|6px|6px|6px|6px&#8221; border_color_all=&#8221;#EFEBDC&#8221; global_colors_info=&#8221;{}&#8221;]<\/p>\n<p>\u201dSavun tuoksu hiipi nen\u00e4\u00e4n vahvana, kun nuotion ensimm\u00e4iset liekit saivat puukalikat paukkumaan nuotiossa. Poskia pisteli ja punoitti, ymp\u00e4rill\u00e4 j\u00e4\u00e4tynyt rantaviiva ja rauha. Repusta rapistelin esiin ev\u00e4sleiv\u00e4t, kun viereen pyr\u00e4hti pieni lintu. Kuukkeli katsoi uteliaana, heilutti pyrst\u00f6\u00e4\u00e4n ja hyp\u00e4hteli. Leiv\u00e4nmurun saatuaan se lehahti taas lentoon j\u00e4rvensel\u00e4lle, kohti pian tuikkimaan alkavaa t\u00e4htitaivasta. Silloin ymm\u00e4rsin, ett\u00e4 juuri t\u00e4ss\u00e4 hetkess\u00e4 se on: vapaus!\u201d<\/p>\n<p>[\/et_pb_text][\/et_pb_column][\/et_pb_row][et_pb_row _builder_version=&#8221;4.17.3&#8243; _module_preset=&#8221;default&#8221; positioning=&#8221;absolute&#8221; position_origin_a=&#8221;bottom_right&#8221; position_origin_r=&#8221;bottom_right&#8221; vertical_offset=&#8221;50px&#8221; horizontal_offset=&#8221;50px&#8221; global_colors_info=&#8221;{}&#8221;][et_pb_column type=&#8221;4_4&#8243; _builder_version=&#8221;4.17.3&#8243; _module_preset=&#8221;default&#8221; global_colors_info=&#8221;{}&#8221;][et_pb_text _builder_version=&#8221;4.17.3&#8243; _module_preset=&#8221;default&#8221; text_text_color=&#8221;#FFFFFF&#8221; text_font_size=&#8221;12px&#8221; text_text_shadow_style=&#8221;preset3&#8243; global_colors_info=&#8221;{}&#8221;]<\/p>\n<p style=\"text-align: right;\">Kuva \u00a9Miia Siukola<\/p>\n<p>[\/et_pb_text][\/et_pb_column][\/et_pb_row][\/et_pb_section][et_pb_section fb_built=&#8221;1&#8243; _builder_version=&#8221;4.16&#8243; _module_preset=&#8221;default&#8221; custom_padding=&#8221;||||false|false&#8221; global_colors_info=&#8221;{}&#8221;][et_pb_row _builder_version=&#8221;4.16&#8243; _module_preset=&#8221;default&#8221; max_width=&#8221;1200px&#8221; custom_padding=&#8221;0px||0px|||&#8221; global_colors_info=&#8221;{}&#8221;][et_pb_column type=&#8221;4_4&#8243; _builder_version=&#8221;4.16&#8243; _module_preset=&#8221;default&#8221; global_colors_info=&#8221;{}&#8221;][et_pb_text _builder_version=&#8221;4.19.5&#8243; _module_preset=&#8221;default&#8221; custom_margin=&#8221;||-20px||false|false&#8221; custom_padding=&#8221;||0px||false|false&#8221; global_colors_info=&#8221;{}&#8221;]<\/p>\n<h2 style=\"text-align: center;\">Tutustu meihin<\/h2>\n<p>[\/et_pb_text][et_pb_slider show_arrows=&#8221;off&#8221; module_class=&#8221;dsdep-slider dsdep-borderRadiusImage&#8221; _builder_version=&#8221;4.27.4&#8243; _module_preset=&#8221;default&#8221; custom_padding=&#8221;||||false|false&#8221; hover_enabled=&#8221;0&#8243; body_font_size_tablet=&#8221;&#8221; body_font_size_phone=&#8221;14px&#8221; body_font_size_last_edited=&#8221;on|phone&#8221; global_colors_info=&#8221;{}&#8221; sticky_enabled=&#8221;0&#8243;][et_pb_slide heading=&#8221;Graafinen suunnittelu &#038; asiakkuudet&#8221; image=&#8221;https:\/\/kuuk.fi\/wp-content\/uploads\/2023\/02\/Ninja_PR-1.png&#8221; image_tablet=&#8221;https:\/\/kuuk.fi\/wp-content\/uploads\/2022\/03\/ninja.png&#8221; image_phone=&#8221;https:\/\/kuuk.fi\/wp-content\/uploads\/2022\/03\/ninja.png&#8221; image_last_edited=&#8221;off|desktop&#8221; content_tablet=&#8221;<\/p>\n<p>Taide on minulle tapa k\u00e4sitell\u00e4 tunteita ja kertoa tarinoita. Jokaisen projektin taustalla on vimmainen ajatusty\u00f6 sek\u00e4 rakkaus luomiseen. Innostun helposti ja heitt\u00e4ydyn asiakasprojekteihin t\u00e4ydell\u00e4 syd\u00e4mell\u00e4, tavoitteenani tuoda asiakkaiden ideat eloon upeissa vanerituotteissamme. Toimin my\u00f6s <a href=%22https:\/\/ideabutiikki.company\/%22>Ideabutiikin<\/a> yritt\u00e4j\u00e4n\u00e4. Vapaa-ajallani nautin leppoisista mets\u00e4k\u00e4velyist\u00e4 sek\u00e4 k\u00e4sit\u00f6iden tekemisest\u00e4.<\/p>\n<p>Graafinen suunnittelija<br \/><strong>Ninja Renvall<\/strong><\/p>\n<p>&#8221; content_phone=&#8221;<\/p>\n<p>Taide on minulle tapa k\u00e4sitell\u00e4 tunteita ja kertoa tarinoita. Jokaisen projektin taustalla on vimmainen ajatusty\u00f6 sek\u00e4 rakkaus luomiseen. Innostun helposti ja heitt\u00e4ydyn asiakasprojekteihin t\u00e4ydell\u00e4 syd\u00e4mell\u00e4, tavoitteenani tuoda asiakkaiden ideat eloon upeissa vanerituotteissamme. Toimin my\u00f6s <a href=%22https:\/\/ideabutiikki.company\/%22>Ideabutiikin<\/a> yritt\u00e4j\u00e4n\u00e4. Vapaa-ajallani nautin leppoisista mets\u00e4k\u00e4velyist\u00e4 sek\u00e4 k\u00e4sit\u00f6iden tekemisest\u00e4.<\/p>\n<p style=%22text-align: center;%22><img src=%22https:\/\/kuuk.fi\/wp-content\/uploads\/2022\/03\/ninja-300x300.png%22 width=%22160%22 height=%22160%22 alt=%22%22 class=%22wp-image-240792 alignnone size-medium%22 \/><\/p>\n<p>Graafinen suunnittelija<br \/><strong>Ninja Renvall<\/strong><\/p>\n<p>&#8221; content_last_edited=&#8221;off|desktop&#8221; _builder_version=&#8221;4.27.4&#8243; _module_preset=&#8221;default&#8221; header_level=&#8221;h2&#8243; header_font=&#8221;|600|||||||&#8221; header_font_size=&#8221;28px&#8221; body_text_color=&#8221;#232323&#8243; body_font_size=&#8221;17px&#8221; body_line_height=&#8221;1.72em&#8221; background_color=&#8221;rgba(0,0,0,0)&#8221; background_enable_color=&#8221;on&#8221; background_layout=&#8221;light&#8221; hover_enabled=&#8221;0&#8243; overflow-x_tablet=&#8221;&#8221; overflow-x_phone=&#8221;&#8221; overflow-x_last_edited=&#8221;on|phone&#8221; overflow-y_tablet=&#8221;&#8221; overflow-y_phone=&#8221;&#8221; overflow-y_last_edited=&#8221;on|phone&#8221; global_colors_info=&#8221;{}&#8221; sticky_transition=&#8221;on&#8221; sticky_enabled=&#8221;0&#8243;]<\/p>\n<p>Taide on minulle tapa k\u00e4sitell\u00e4 tunteita ja kertoa tarinoita. Jokaisen projektin taustalla on vimmainen ajatusty\u00f6 sek\u00e4 rakkaus luomiseen. Innostun helposti ja heitt\u00e4ydyn asiakasprojekteihin t\u00e4ydell\u00e4 syd\u00e4mell\u00e4, tavoitteenani tuoda asiakkaiden ideat eloon upeissa vanerituotteissamme. Toimin my\u00f6s <a href=\"https:\/\/ideabutiikki.company\/\" target=\"_blank\" rel=\"noopener\">Ideabutiikin<\/a> yritt\u00e4j\u00e4n\u00e4. Vapaa-ajallani nautin leppoisista mets\u00e4k\u00e4velyist\u00e4 sek\u00e4 k\u00e4sit\u00f6iden tekemisest\u00e4.<\/p>\n<p>Graafinen suunnittelija<br \/><strong>Ninja Renvall<\/strong><\/p>\n<p><strong><a href=\"tel:+358401970756\">+358 40 1970 756<\/a><\/strong><\/p>\n<p>[\/et_pb_slide][\/et_pb_slider][\/et_pb_column][\/et_pb_row][\/et_pb_section]<\/p>\n","protected":false},"excerpt":{"rendered":"<p>Kuukkeli syntyi palosta tehd\u00e4 sit\u00e4, mik\u00e4 tekee meid\u00e4t onnelliseksiVerkkokauppamme syntyi, kun ihastuimme suomalaiseen koivuvaneriin niin palavasti, ett\u00e4 halusimme auttaa my\u00f6s muita taiteilijoita ja yritt\u00e4ji\u00e4 kehitt\u00e4m\u00e4\u00e4n omia tuoteperheit\u00e4 omalla br\u00e4ndill\u00e4\u00e4n. Kuukkeliksi kauppamme ristittiin pohjoisten metsien mystisen sielulinnun mukaan, tavoitteenamme tehd\u00e4 sit\u00e4, mik\u00e4 tekee meid\u00e4t onnellisiksi. Kuukkelin kohtaa helpoiten pohjoisen karuissa metsiss\u00e4, vanhojen naavoittuneiden puiden siimeksess\u00e4. Etenkin [&hellip;]<\/p>\n","protected":false},"author":1,"featured_media":0,"parent":0,"menu_order":0,"comment_status":"closed","ping_status":"closed","template":"","meta":{"_et_pb_use_builder":"on","_et_pb_old_content":"","_et_gb_content_width":"","footnotes":""},"_links":{"self":[{"href":"https:\/\/kuuk.fi\/en\/wp-json\/wp\/v2\/pages\/1789"}],"collection":[{"href":"https:\/\/kuuk.fi\/en\/wp-json\/wp\/v2\/pages"}],"about":[{"href":"https:\/\/kuuk.fi\/en\/wp-json\/wp\/v2\/types\/page"}],"author":[{"embeddable":true,"href":"https:\/\/kuuk.fi\/en\/wp-json\/wp\/v2\/users\/1"}],"replies":[{"embeddable":true,"href":"https:\/\/kuuk.fi\/en\/wp-json\/wp\/v2\/comments?post=1789"}],"version-history":[{"count":54,"href":"https:\/\/kuuk.fi\/en\/wp-json\/wp\/v2\/pages\/1789\/revisions"}],"predecessor-version":[{"id":243108,"href":"https:\/\/kuuk.fi\/en\/wp-json\/wp\/v2\/pages\/1789\/revisions\/243108"}],"wp:attachment":[{"href":"https:\/\/kuuk.fi\/en\/wp-json\/wp\/v2\/media?parent=1789"}],"curies":[{"name":"wp","href":"https:\/\/api.w.org\/{rel}","templated":true}]}}