{"id":1794,"date":"2017-11-13T14:47:55","date_gmt":"2017-11-13T14:47:55","guid":{"rendered":"http:\/\/diviecommerce.aspengrovestudios.space\/?page_id=1794"},"modified":"2025-05-14T07:18:28","modified_gmt":"2025-05-14T07:18:28","slug":"yhteystiedot","status":"publish","type":"page","link":"https:\/\/kuuk.fi\/en\/yhteystiedot\/","title":{"rendered":"Contact us"},"content":{"rendered":"<p>[et_pb_section fb_built=&#8221;1&#8243; custom_padding_last_edited=&#8221;on|desktop&#8221; _builder_version=&#8221;4.16&#8243; _module_preset=&#8221;default&#8221; custom_padding=&#8221;80px||||false|false&#8221; custom_padding_tablet=&#8221;60px||||false|false&#8221; custom_padding_phone=&#8221;40px||||false|false&#8221; global_colors_info=&#8221;{}&#8221;][et_pb_row use_custom_gutter=&#8221;on&#8221; gutter_width=&#8221;3&#8243; make_equal=&#8221;on&#8221; module_class=&#8221;dsdep-small-row &#8221; _builder_version=&#8221;4.16&#8243; _module_preset=&#8221;default&#8221; global_colors_info=&#8221;{}&#8221;][et_pb_column type=&#8221;4_4&#8243; _builder_version=&#8221;4.16&#8243; _module_preset=&#8221;default&#8221; global_colors_info=&#8221;{}&#8221;][et_pb_text _builder_version=&#8221;4.19.5&#8243; _module_preset=&#8221;default&#8221; header_font=&#8221;Montserrat||||||||&#8221; header_font_size=&#8221;40px&#8221; max_width=&#8221;400px&#8221; custom_margin=&#8221;||||false|false&#8221; header_font_size_tablet=&#8221;&#8221; header_font_size_phone=&#8221;30px&#8221; header_font_size_last_edited=&#8221;on|phone&#8221; global_colors_info=&#8221;{}&#8221;]<\/p>\n<h1>Ota yhteytt\u00e4<\/h1>\n<p>[\/et_pb_text][\/et_pb_column][\/et_pb_row][et_pb_row column_structure=&#8221;2_3,1_3&#8243; use_custom_gutter=&#8221;on&#8221; gutter_width=&#8221;3&#8243; make_equal=&#8221;on&#8221; module_class=&#8221;dsdep-small-row &#8221; _builder_version=&#8221;4.16&#8243; _module_preset=&#8221;default&#8221; global_colors_info=&#8221;{}&#8221;][et_pb_column type=&#8221;2_3&#8243; _builder_version=&#8221;4.16&#8243; _module_preset=&#8221;default&#8221; global_colors_info=&#8221;{}&#8221;][et_pb_contact_form email=&#8221;info@kuuk.fi&#8221; success_message=&#8221;Kiitos viestist\u00e4si!&#8221; submit_button_text=&#8221;L\u00e4het\u00e4&#8221; admin_label=&#8221;Contact Form (class %22dsdep-contact-form%22)&#8221; module_class=&#8221;dsdep-contact-form dsdep-module-button-shadow-primary dsdep-module-button-second&#8221; _builder_version=&#8221;4.16&#8243; _module_preset=&#8221;default&#8221; _unique_id=&#8221;83aa25fc-a72f-4a3f-b9ba-90587a3fdde9&#8243; custom_css_contact_button=&#8221;margin-top: 24px;&#8221; custom_css_captcha_field=&#8221;margin-top: 24px;&#8221; global_colors_info=&#8221;{}&#8221;][et_pb_contact_field field_id=&#8221;Name&#8221; field_title=&#8221;Nimi&#8221; fullwidth_field=&#8221;on&#8221; _builder_version=&#8221;4.16&#8243; global_colors_info=&#8221;{}&#8221; button_text_size__hover_enabled=&#8221;off&#8221; button_one_text_size__hover_enabled=&#8221;off&#8221; button_two_text_size__hover_enabled=&#8221;off&#8221; button_text_color__hover_enabled=&#8221;off&#8221; button_one_text_color__hover_enabled=&#8221;off&#8221; button_two_text_color__hover_enabled=&#8221;off&#8221; button_border_width__hover_enabled=&#8221;off&#8221; button_one_border_width__hover_enabled=&#8221;off&#8221; button_two_border_width__hover_enabled=&#8221;off&#8221; button_border_color__hover_enabled=&#8221;off&#8221; button_one_border_color__hover_enabled=&#8221;off&#8221; button_two_border_color__hover_enabled=&#8221;off&#8221; button_border_radius__hover_enabled=&#8221;off&#8221; button_one_border_radius__hover_enabled=&#8221;off&#8221; button_two_border_radius__hover_enabled=&#8221;off&#8221; button_letter_spacing__hover_enabled=&#8221;off&#8221; button_one_letter_spacing__hover_enabled=&#8221;off&#8221; button_two_letter_spacing__hover_enabled=&#8221;off&#8221; button_bg_color__hover_enabled=&#8221;off&#8221; button_one_bg_color__hover_enabled=&#8221;off&#8221; button_two_bg_color__hover_enabled=&#8221;off&#8221;][\/et_pb_contact_field][et_pb_contact_field field_id=&#8221;Email&#8221; field_title=&#8221;S\u00e4hk\u00f6posti&#8221; field_type=&#8221;email&#8221; fullwidth_field=&#8221;on&#8221; _builder_version=&#8221;4.16&#8243; global_colors_info=&#8221;{}&#8221; button_text_size__hover_enabled=&#8221;off&#8221; button_one_text_size__hover_enabled=&#8221;off&#8221; button_two_text_size__hover_enabled=&#8221;off&#8221; button_text_color__hover_enabled=&#8221;off&#8221; button_one_text_color__hover_enabled=&#8221;off&#8221; button_two_text_color__hover_enabled=&#8221;off&#8221; button_border_width__hover_enabled=&#8221;off&#8221; button_one_border_width__hover_enabled=&#8221;off&#8221; button_two_border_width__hover_enabled=&#8221;off&#8221; button_border_color__hover_enabled=&#8221;off&#8221; button_one_border_color__hover_enabled=&#8221;off&#8221; button_two_border_color__hover_enabled=&#8221;off&#8221; button_border_radius__hover_enabled=&#8221;off&#8221; button_one_border_radius__hover_enabled=&#8221;off&#8221; button_two_border_radius__hover_enabled=&#8221;off&#8221; button_letter_spacing__hover_enabled=&#8221;off&#8221; button_one_letter_spacing__hover_enabled=&#8221;off&#8221; button_two_letter_spacing__hover_enabled=&#8221;off&#8221; button_bg_color__hover_enabled=&#8221;off&#8221; button_one_bg_color__hover_enabled=&#8221;off&#8221; button_two_bg_color__hover_enabled=&#8221;off&#8221;][\/et_pb_contact_field][et_pb_contact_field field_id=&#8221;Subject&#8221; field_title=&#8221;Aihe&#8221; required_mark=&#8221;off&#8221; fullwidth_field=&#8221;on&#8221; _builder_version=&#8221;4.16&#8243; _module_preset=&#8221;default&#8221; global_colors_info=&#8221;{}&#8221;][\/et_pb_contact_field][et_pb_contact_field field_id=&#8221;Message&#8221; field_title=&#8221;Viesti&#8221; field_type=&#8221;text&#8221; fullwidth_field=&#8221;on&#8221; _builder_version=&#8221;4.16&#8243; global_colors_info=&#8221;{}&#8221; button_text_size__hover_enabled=&#8221;off&#8221; button_one_text_size__hover_enabled=&#8221;off&#8221; button_two_text_size__hover_enabled=&#8221;off&#8221; button_text_color__hover_enabled=&#8221;off&#8221; button_one_text_color__hover_enabled=&#8221;off&#8221; button_two_text_color__hover_enabled=&#8221;off&#8221; button_border_width__hover_enabled=&#8221;off&#8221; button_one_border_width__hover_enabled=&#8221;off&#8221; button_two_border_width__hover_enabled=&#8221;off&#8221; button_border_color__hover_enabled=&#8221;off&#8221; button_one_border_color__hover_enabled=&#8221;off&#8221; button_two_border_color__hover_enabled=&#8221;off&#8221; button_border_radius__hover_enabled=&#8221;off&#8221; button_one_border_radius__hover_enabled=&#8221;off&#8221; button_two_border_radius__hover_enabled=&#8221;off&#8221; button_letter_spacing__hover_enabled=&#8221;off&#8221; button_one_letter_spacing__hover_enabled=&#8221;off&#8221; button_two_letter_spacing__hover_enabled=&#8221;off&#8221; button_bg_color__hover_enabled=&#8221;off&#8221; button_one_bg_color__hover_enabled=&#8221;off&#8221; button_two_bg_color__hover_enabled=&#8221;off&#8221;][\/et_pb_contact_field][\/et_pb_contact_form][\/et_pb_column][et_pb_column type=&#8221;1_3&#8243; _builder_version=&#8221;4.16&#8243; _module_preset=&#8221;default&#8221; global_colors_info=&#8221;{}&#8221;][et_pb_blurb title=&#8221;Suuret er\u00e4t&#8221; use_icon=&#8221;on&#8221; font_icon=&#8221;&#x76;||divi||400&#8243; image_icon_width=&#8221;40px&#8221; icon_alignment=&#8221;left&#8221; content_max_width=&#8221;1080px&#8221; _builder_version=&#8221;4.19.5&#8243; _module_preset=&#8221;default&#8221; header_font_size=&#8221;21px&#8221; header_line_height=&#8221;1.2em&#8221; body_line_height=&#8221;1.6em&#8221; custom_margin=&#8221;||48px||false|false&#8221; animation=&#8221;off&#8221; custom_css_blurb_image=&#8221;margin-bottom: 20px;&#8221; custom_css_blurb_title=&#8221;padding-bottom: 16px;&#8221; icon_font_size=&#8221;40px&#8221; locked=&#8221;off&#8221; global_colors_info=&#8221;{}&#8221;]Varaa aika suunnittelupalaveriin.<br \/>\nVoit katsoa hinnastomme <a href=\"https:\/\/kuuk.fi\/wp-content\/uploads\/2023\/03\/Ekologinen-muistijalki.pdf\" title=\"KuuK-Esite\">t\u00e4st\u00e4<\/a>.<br \/>\n<!-- Calendly link widget begin -->\n<link href=\"https:\/\/assets.calendly.com\/assets\/external\/widget.css\" rel=\"stylesheet\">\n<script src=\"https:\/\/assets.calendly.com\/assets\/external\/widget.js\" type=\"text\/javascript\" async><\/script><br \/>\n<a href=\"\" onclick=\"Calendly.initPopupWidget({url: 'https:\/\/calendly.com\/kuuk\/30min'});return false;\">Varaa aika<\/a><br \/>\n<!-- Calendly link widget end --><br \/>\n&nbsp;[\/et_pb_blurb][et_pb_code admin_label=&#8221;Nappi&#8221; _builder_version=&#8221;4.19.5&#8243; _module_preset=&#8221;default&#8221; global_colors_info=&#8221;{}&#8221;]<!-- Calendly badge widget begin --><!-- [et_pb_line_break_holder] --><link href=\"https:\/\/assets.calendly.com\/assets\/external\/widget.css\" rel=\"stylesheet\"><!-- [et_pb_line_break_holder] --><script src=\"https:\/\/assets.calendly.com\/assets\/external\/widget.js\" type=\"text\/javascript\" async><\/script><!-- [et_pb_line_break_holder] --><script type=\"text\/javascript\">window.onload = function() { Calendly.initBadgeWidget({ url: 'https:\/\/calendly.com\/kuuk\/30min', text: 'Varaa aika', color: '#ffb181', textColor: '#ffffff', branding: undefined }); }<\/script><!-- [et_pb_line_break_holder] --><!-- Calendly badge\u00a0widget\u00a0end\u00a0-->[\/et_pb_code][et_pb_blurb title=&#8221;Toimisto ja tuotanto&#8221; use_icon=&#8221;on&#8221; font_icon=&#8221;&#xe01d;||divi||400&#8243; image_icon_width=&#8221;40px&#8221; icon_alignment=&#8221;left&#8221; content_max_width=&#8221;1080px&#8221; _builder_version=&#8221;4.27.4&#8243; _module_preset=&#8221;default&#8221; header_font_size=&#8221;21px&#8221; header_line_height=&#8221;1.2em&#8221; body_line_height=&#8221;1.6em&#8221; custom_margin=&#8221;||48px||false|false&#8221; animation=&#8221;off&#8221; hover_enabled=&#8221;0&#8243; custom_css_blurb_image=&#8221;margin-bottom: 20px;&#8221; custom_css_blurb_title=&#8221;padding-bottom: 16px;&#8221; icon_font_size=&#8221;40px&#8221; locked=&#8221;off&#8221; global_colors_info=&#8221;{}&#8221; sticky_enabled=&#8221;0&#8243;]<\/p>\n<p>Tampere<\/p>\n<p>[\/et_pb_blurb][et_pb_blurb title=&#8221;Yhteystiedot&#8221; use_icon=&#8221;on&#8221; font_icon=&#8221;&#xe010;||divi||400&#8243; image_icon_width=&#8221;40px&#8221; icon_alignment=&#8221;left&#8221; content_max_width=&#8221;1080px&#8221; _builder_version=&#8221;4.27.4&#8243; _module_preset=&#8221;default&#8221; header_font_size=&#8221;21px&#8221; header_line_height=&#8221;1.2em&#8221; body_line_height=&#8221;1.6em&#8221; custom_margin=&#8221;||48px||false|false&#8221; animation=&#8221;off&#8221; hover_enabled=&#8221;0&#8243; custom_css_blurb_image=&#8221;margin-bottom: 20px;&#8221; custom_css_blurb_title=&#8221;padding-bottom: 16px;&#8221; icon_font_size=&#8221;40px&#8221; locked=&#8221;off&#8221; global_colors_info=&#8221;{}&#8221; sticky_enabled=&#8221;0&#8243;]<\/p>\n<p>+358 40 1970 756<br \/>info@kuuk.fi<\/p>\n<p>[\/et_pb_blurb][\/et_pb_column][\/et_pb_row][\/et_pb_section]<\/p>\n","protected":false},"excerpt":{"rendered":"<p>Ota yhteytt\u00e4Varaa aika suunnittelupalaveriin. Voit katsoa hinnastomme t\u00e4st\u00e4. Varaa aika &nbsp;Tampere+358 40 1970 756info@kuuk.fi<\/p>","protected":false},"author":1,"featured_media":0,"parent":0,"menu_order":0,"comment_status":"closed","ping_status":"closed","template":"","meta":{"_et_pb_use_builder":"on","_et_pb_old_content":"","_et_gb_content_width":"","footnotes":""},"_links":{"self":[{"href":"https:\/\/kuuk.fi\/en\/wp-json\/wp\/v2\/pages\/1794"}],"collection":[{"href":"https:\/\/kuuk.fi\/en\/wp-json\/wp\/v2\/pages"}],"about":[{"href":"https:\/\/kuuk.fi\/en\/wp-json\/wp\/v2\/types\/page"}],"author":[{"embeddable":true,"href":"https:\/\/kuuk.fi\/en\/wp-json\/wp\/v2\/users\/1"}],"replies":[{"embeddable":true,"href":"https:\/\/kuuk.fi\/en\/wp-json\/wp\/v2\/comments?post=1794"}],"version-history":[{"count":26,"href":"https:\/\/kuuk.fi\/en\/wp-json\/wp\/v2\/pages\/1794\/revisions"}],"predecessor-version":[{"id":243106,"href":"https:\/\/kuuk.fi\/en\/wp-json\/wp\/v2\/pages\/1794\/revisions\/243106"}],"wp:attachment":[{"href":"https:\/\/kuuk.fi\/en\/wp-json\/wp\/v2\/media?parent=1794"}],"curies":[{"name":"wp","href":"https:\/\/api.w.org\/{rel}","templated":true}]}}