{"id":241805,"date":"2022-05-07T09:36:13","date_gmt":"2022-05-07T09:36:13","guid":{"rendered":"https:\/\/kuuk.fi\/?post_type=product&#038;p=241805"},"modified":"2023-02-13T08:41:57","modified_gmt":"2023-02-13T08:41:57","slug":"avaimenperat","status":"publish","type":"product","link":"https:\/\/kuuk.fi\/en\/product\/avaimenperat\/","title":{"rendered":"Keychains with your brand"},"content":{"rendered":"<p>Avaimenper\u00e4t painettuna ja laserleikattuna toiveittesi mukaan! Avaimenper\u00e4t valmistetaan ymp\u00e4rist\u00f6yst\u00e4v\u00e4llisest\u00e4, kotimaisesta 3 mm paksuisesta FSC- ja PEFC-sertifioidusta koivuvanerista. Painatus on molemmilla puolilla.<\/p>\n<p>Voit tilata tuotteet joko omalla kuvallasi tai voit teett\u00e4\u00e4 my\u00f6s kuvituksen meill\u00e4! Tilaa design meilt\u00e4 erikseen t\u00e4\u00e4lt\u00e4 \u2192<br \/>\nJos sinulla on kysytt\u00e4v\u00e4\u00e4 tilauksen teosta tai tuotteista, otathan meihin yhteytt\u00e4<\/p>","protected":false},"excerpt":{"rendered":"<p>Avaimenper\u00e4t painettuna ja laserleikattuna toiveittesi mukaan! Avaimenper\u00e4t valmistetaan ymp\u00e4rist\u00f6yst\u00e4v\u00e4llisest\u00e4, kotimaisesta 3 mm paksuisesta FSC- ja PEFC-sertifioidusta koivuvanerista. Painatus on molemmilla puolilla.<\/p>\n<p>Voit tilata tuotteet joko omalla kuvallasi tai voit teett\u00e4\u00e4 my\u00f6s kuvituksen meill\u00e4!<br \/>\nJos sinulla on kysytt\u00e4v\u00e4\u00e4 tilauksen teosta tai tuotteista, <a href=\"https:\/\/kuuk.fi\/en\/yhteystiedot\/\">otathan meihin yhteytt\u00e4.<\/a><\/p>","protected":false},"featured_media":241647,"template":"","meta":{"_et_pb_use_builder":"","_et_pb_old_content":"","_et_gb_content_width":""},"product_cat":[108],"product_tag":[],"_links":{"self":[{"href":"https:\/\/kuuk.fi\/en\/wp-json\/wp\/v2\/product\/241805"}],"collection":[{"href":"https:\/\/kuuk.fi\/en\/wp-json\/wp\/v2\/product"}],"about":[{"href":"https:\/\/kuuk.fi\/en\/wp-json\/wp\/v2\/types\/product"}],"wp:featuredmedia":[{"embeddable":true,"href":"https:\/\/kuuk.fi\/en\/wp-json\/wp\/v2\/media\/241647"}],"wp:attachment":[{"href":"https:\/\/kuuk.fi\/en\/wp-json\/wp\/v2\/media?parent=241805"}],"wp:term":[{"taxonomy":"product_cat","embeddable":true,"href":"https:\/\/kuuk.fi\/en\/wp-json\/wp\/v2\/product_cat?post=241805"},{"taxonomy":"product_tag","embeddable":true,"href":"https:\/\/kuuk.fi\/en\/wp-json\/wp\/v2\/product_tag?post=241805"}],"curies":[{"name":"wp","href":"https:\/\/api.w.org\/{rel}","templated":true}]}}