{"id":241831,"date":"2022-05-07T10:11:45","date_gmt":"2022-05-07T10:11:45","guid":{"rendered":"https:\/\/kuuk.fi\/?post_type=product&#038;p=241831"},"modified":"2023-02-13T08:45:09","modified_gmt":"2023-02-13T08:45:09","slug":"magneetit","status":"publish","type":"product","link":"https:\/\/kuuk.fi\/en\/product\/magneetit\/","title":{"rendered":"Magnets with your brand"},"content":{"rendered":"<p>Magneetit painettuna ja laserleikattuna toiveittesi mukaan! Magneetit valmistetaan ymp\u00e4rist\u00f6yst\u00e4v\u00e4llisest\u00e4, kotimaisesta\u00a03 mm paksuisesta FSC- ja PEFC-sertifioidusta koivuvanerista.<\/p>\n<p>Voit tilata tuotteet joko omalla kuvallasi tai voit teett\u00e4\u00e4 my\u00f6s kuvituksen meill\u00e4! Tilaa design meilt\u00e4 erikseen t\u00e4\u00e4lt\u00e4 \u2192<br \/>\nJos sinulla on kysytt\u00e4v\u00e4\u00e4 tilauksen teosta tai tuotteista, otathan meihin yhteytt\u00e4<\/p>","protected":false},"excerpt":{"rendered":"<p>Avaimenper\u00e4t painettuna ja laserleikattuna toiveittesi mukaan! Avaimenper\u00e4t valmistetaan ymp\u00e4rist\u00f6yst\u00e4v\u00e4llisest\u00e4, kotimaisesta 3 mm paksuisesta FSC- ja PEFC-sertifioidusta koivuvanerista. Painatus on molemmilla puolilla.<\/p>\n<p>Voit tilata tuotteet joko omalla kuvallasi tai voit teett\u00e4\u00e4 my\u00f6s kuvituksen meill\u00e4!<br \/>\nJos sinulla on kysytt\u00e4v\u00e4\u00e4 tilauksen teosta tai tuotteista, <a href=\"https:\/\/kuuk.fi\/en\/yhteystiedot\/\">otathan meihin yhteytt\u00e4.<\/a><\/p>","protected":false},"featured_media":241653,"template":"","meta":{"_et_pb_use_builder":"","_et_pb_old_content":"","_et_gb_content_width":""},"product_cat":[112],"product_tag":[],"_links":{"self":[{"href":"https:\/\/kuuk.fi\/en\/wp-json\/wp\/v2\/product\/241831"}],"collection":[{"href":"https:\/\/kuuk.fi\/en\/wp-json\/wp\/v2\/product"}],"about":[{"href":"https:\/\/kuuk.fi\/en\/wp-json\/wp\/v2\/types\/product"}],"wp:featuredmedia":[{"embeddable":true,"href":"https:\/\/kuuk.fi\/en\/wp-json\/wp\/v2\/media\/241653"}],"wp:attachment":[{"href":"https:\/\/kuuk.fi\/en\/wp-json\/wp\/v2\/media?parent=241831"}],"wp:term":[{"taxonomy":"product_cat","embeddable":true,"href":"https:\/\/kuuk.fi\/en\/wp-json\/wp\/v2\/product_cat?post=241831"},{"taxonomy":"product_tag","embeddable":true,"href":"https:\/\/kuuk.fi\/en\/wp-json\/wp\/v2\/product_tag?post=241831"}],"curies":[{"name":"wp","href":"https:\/\/api.w.org\/{rel}","templated":true}]}}