{"id":241879,"date":"2022-05-07T10:32:37","date_gmt":"2022-05-07T10:32:37","guid":{"rendered":"https:\/\/kuuk.fi\/?post_type=product&#038;p=241879"},"modified":"2023-02-13T08:40:06","modified_gmt":"2023-02-13T08:40:06","slug":"pinssit","status":"publish","type":"product","link":"https:\/\/kuuk.fi\/en\/product\/pinssit\/","title":{"rendered":"Pins with your brand"},"content":{"rendered":"<p>Pinssit painettuna ja laserleikattuna toiveittesi mukaan! Pinssit valmistetaan ymp\u00e4rist\u00f6yst\u00e4v\u00e4llisest\u00e4, kotimaisesta\u00a03 mm paksuisesta FSC- ja PEFC-sertifioidusta koivuvanerista. Pinssit kiinnitet\u00e4\u00e4n taustakartonkeihin, joihin painamme yrityksesi logon sek\u00e4 somekanavasi ja verkkosivusi. Taustakartongit ovat kierr\u00e4tyskartonkia.<\/p>\n<p>Voit tilata tuotteet joko omalla kuvallasi tai voit teett\u00e4\u00e4 my\u00f6s kuvituksen meill\u00e4! Tilaa design meilt\u00e4 erikseen t\u00e4\u00e4lt\u00e4 \u2192<br \/>\nJos sinulla on kysytt\u00e4v\u00e4\u00e4 tilauksen teosta tai tuotteista, otathan meihin yhteytt\u00e4<\/p>","protected":false},"excerpt":{"rendered":"<p>Pinssit painettuna ja laserleikattuna toiveittesi mukaan! Pinssit valmistetaan ymp\u00e4rist\u00f6yst\u00e4v\u00e4llisest\u00e4, kotimaisesta\u00a03 mm paksuisesta FSC- ja PEFC-sertifioidusta koivuvanerista. Pinssit kiinnitet\u00e4\u00e4n taustakartonkeihin, joihin painamme yrityksesi logon sek\u00e4 somekanavasi ja verkkosivusi. Taustakartongit ovat kierr\u00e4tyskartonkia.<\/p>\n<p>Voit tilata tuotteet joko omalla kuvallasi tai voit teett\u00e4\u00e4 my\u00f6s kuvituksen meill\u00e4!<br \/>\nJos sinulla on kysytt\u00e4v\u00e4\u00e4 tilauksen teosta tai tuotteista, <a href=\"https:\/\/kuuk.fi\/en\/yhteystiedot\/\">otathan meihin yhteytt\u00e4.<\/a><\/p>","protected":false},"featured_media":241656,"template":"","meta":{"_et_pb_use_builder":"","_et_pb_old_content":"","_et_gb_content_width":""},"product_cat":[114],"product_tag":[],"_links":{"self":[{"href":"https:\/\/kuuk.fi\/en\/wp-json\/wp\/v2\/product\/241879"}],"collection":[{"href":"https:\/\/kuuk.fi\/en\/wp-json\/wp\/v2\/product"}],"about":[{"href":"https:\/\/kuuk.fi\/en\/wp-json\/wp\/v2\/types\/product"}],"wp:featuredmedia":[{"embeddable":true,"href":"https:\/\/kuuk.fi\/en\/wp-json\/wp\/v2\/media\/241656"}],"wp:attachment":[{"href":"https:\/\/kuuk.fi\/en\/wp-json\/wp\/v2\/media?parent=241879"}],"wp:term":[{"taxonomy":"product_cat","embeddable":true,"href":"https:\/\/kuuk.fi\/en\/wp-json\/wp\/v2\/product_cat?post=241879"},{"taxonomy":"product_tag","embeddable":true,"href":"https:\/\/kuuk.fi\/en\/wp-json\/wp\/v2\/product_tag?post=241879"}],"curies":[{"name":"wp","href":"https:\/\/api.w.org\/{rel}","templated":true}]}}