{"id":242541,"date":"2023-02-07T11:49:46","date_gmt":"2023-02-07T11:49:46","guid":{"rendered":"https:\/\/kuuk.fi\/?post_type=product&#038;p=242541"},"modified":"2024-07-10T10:02:00","modified_gmt":"2024-07-10T10:02:00","slug":"mytologia-lepakko-avaimenpera","status":"publish","type":"product","link":"https:\/\/kuuk.fi\/en\/product\/mytologia-lepakko-avaimenpera\/","title":{"rendered":"FINNISH MYTHOLOGY | BAT-Keychain"},"content":{"rendered":"<p>[et_pb_section fb_built=&#8221;1&#8243; _builder_version=&#8221;4.16&#8243; custom_padding=&#8221;0px||||false|false&#8221; global_colors_info=&#8221;{}&#8221;][et_pb_row _builder_version=&#8221;4.16&#8243; background_size=&#8221;initial&#8221; background_position=&#8221;top_left&#8221; background_repeat=&#8221;repeat&#8221; width=&#8221;100%&#8221; custom_padding=&#8221;0px||0px||false|false&#8221; hover_enabled=&#8221;0&#8243; global_colors_info=&#8221;{}&#8221; sticky_enabled=&#8221;0&#8243;][et_pb_column type=&#8221;4_4&#8243; _builder_version=&#8221;4.16&#8243; custom_padding=&#8221;|||&#8221; global_colors_info=&#8221;{}&#8221; custom_padding__hover=&#8221;|||&#8221;][et_pb_wc_breadcrumb _builder_version=&#8221;4.16&#8243; global_colors_info=&#8221;{}&#8221;][\/et_pb_wc_breadcrumb][et_pb_wc_cart_notice _builder_version=&#8221;4.16&#8243; global_colors_info=&#8221;{}&#8221;][\/et_pb_wc_cart_notice][\/et_pb_column][\/et_pb_row][et_pb_row column_structure=&#8221;1_2,1_2&#8243; _builder_version=&#8221;4.16&#8243; background_size=&#8221;initial&#8221; background_position=&#8221;top_left&#8221; background_repeat=&#8221;repeat&#8221; width=&#8221;100%&#8221; custom_padding=&#8221;0px||||false|false&#8221; global_colors_info=&#8221;{}&#8221;][et_pb_column type=&#8221;1_2&#8243; _builder_version=&#8221;4.16&#8243; custom_padding=&#8221;|||&#8221; global_colors_info=&#8221;{}&#8221; custom_padding__hover=&#8221;|||&#8221;][et_pb_wc_images _builder_version=&#8221;4.16&#8243; global_colors_info=&#8221;{}&#8221;][\/et_pb_wc_images][\/et_pb_column][et_pb_column type=&#8221;1_2&#8243; _builder_version=&#8221;4.16&#8243; custom_padding=&#8221;|||&#8221; global_colors_info=&#8221;{}&#8221; custom_padding__hover=&#8221;|||&#8221;][et_pb_wc_title _builder_version=&#8221;4.16&#8243; global_colors_info=&#8221;{}&#8221;][\/et_pb_wc_title][et_pb_wc_rating _builder_version=&#8221;4.16&#8243; global_colors_info=&#8221;{}&#8221;][\/et_pb_wc_rating][et_pb_wc_price _builder_version=&#8221;4.16&#8243; global_colors_info=&#8221;{}&#8221;][\/et_pb_wc_price][et_pb_wc_description _builder_version=&#8221;4.16&#8243; global_colors_info=&#8221;{}&#8221;][\/et_pb_wc_description][et_pb_wc_add_to_cart _builder_version=&#8221;4.16&#8243; global_colors_info=&#8221;{}&#8221;][\/et_pb_wc_add_to_cart][et_pb_wc_meta _builder_version=&#8221;4.16&#8243; global_colors_info=&#8221;{}&#8221;][\/et_pb_wc_meta][\/et_pb_column][\/et_pb_row][et_pb_row _builder_version=&#8221;4.16&#8243; background_size=&#8221;initial&#8221; background_position=&#8221;top_left&#8221; background_repeat=&#8221;repeat&#8221; width=&#8221;100%&#8221; global_colors_info=&#8221;{}&#8221;][et_pb_column type=&#8221;4_4&#8243; _builder_version=&#8221;4.16&#8243; custom_padding=&#8221;|||&#8221; global_colors_info=&#8221;{}&#8221; custom_padding__hover=&#8221;|||&#8221;][et_pb_wc_tabs _builder_version=&#8221;4.16&#8243; global_colors_info=&#8221;{}&#8221;] [\/et_pb_wc_tabs][et_pb_wc_upsells _builder_version=&#8221;4.16&#8243; global_colors_info=&#8221;{}&#8221;][\/et_pb_wc_upsells][et_pb_wc_related_products _builder_version=&#8221;4.16&#8243; global_colors_info=&#8221;{}&#8221;][\/et_pb_wc_related_products][\/et_pb_column][\/et_pb_row][\/et_pb_section]<\/p>\n","protected":false},"excerpt":{"rendered":"<p>The bat has a sympathetic birth story in Finnish folklore. The devil was watching a swallow that God had created and decided he would create a swallow of his own. He couldn't get it quite right though: the creature didn't have feathers and looked more like a mouse than a bird. The devil was so ashamed of his creation that he cursed it to fly only by night, when no one would see it.<\/p>\n<p>The Bat key ring is perfect for decorating your key chain or bag! The keyring is made of Finnish FSC- and PEFC-certified birch plywood. Plywood is a wonderfully light material. The print is on both sides.<\/p>\n<p>Avaimenper\u00e4n mitat (pituus korvista renkaaseen): 5,8 x 6,3 cm<\/p>\n<p>Avoid exposing the product to water and chemicals.<\/p>\n<p>Designer: Ninja Renvall<\/p>","protected":false},"featured_media":242542,"template":"","meta":{"_et_pb_use_builder":"on","_et_pb_old_content":"Paholainen katseli ihaillen Jumalan luomaa p\u00e4\u00e4skyst\u00e4 ja tuumasi, ett\u00e4 loisi itsekin p\u00e4\u00e4skysen. Paholaisen luomus ei kuitenkaan aivan onnistunut: otuksella ei ollut lainkaan h\u00f6yheni\u00e4 ja se n\u00e4ytti enemm\u00e4nkin hiirelt\u00e4 kuin linnulta. Paholainen h\u00e4pesi luomustaan niin, ett\u00e4 p\u00e4\u00e4tti ett\u00e4 se saa lent\u00e4\u00e4 ainoastaan \u00f6isin, jolloin kukaan ei sit\u00e4 n\u00e4kisi. N\u00e4in sai syntyns\u00e4 Lepakko.\r\n\r\nLepakko-avaimenper\u00e4 on t\u00e4ydellinen avainnippuasi tai laukkuasi somistamaan! Avaimenper\u00e4 on painettu ja laserleikattu kotimaisesta FSC- ja PEFC-sertifioidusta koivuvanerista. Painatus molemmilla puolilla. Vaneri on ihanan kevyt materiaali.\r\n\r\nAvaimenper\u00e4n mitat (pituus korvista renkaaseen): 5,8 x 6,3 cm\r\n\r\nV\u00e4lt\u00e4 tuotteen altistamista vedelle ja kemikaaleille.\r\n\r\nSuunnittelija: Ninja Renvall","_et_gb_content_width":""},"product_cat":[119],"product_tag":[],"_links":{"self":[{"href":"https:\/\/kuuk.fi\/en\/wp-json\/wp\/v2\/product\/242541"}],"collection":[{"href":"https:\/\/kuuk.fi\/en\/wp-json\/wp\/v2\/product"}],"about":[{"href":"https:\/\/kuuk.fi\/en\/wp-json\/wp\/v2\/types\/product"}],"wp:featuredmedia":[{"embeddable":true,"href":"https:\/\/kuuk.fi\/en\/wp-json\/wp\/v2\/media\/242542"}],"wp:attachment":[{"href":"https:\/\/kuuk.fi\/en\/wp-json\/wp\/v2\/media?parent=242541"}],"wp:term":[{"taxonomy":"product_cat","embeddable":true,"href":"https:\/\/kuuk.fi\/en\/wp-json\/wp\/v2\/product_cat?post=242541"},{"taxonomy":"product_tag","embeddable":true,"href":"https:\/\/kuuk.fi\/en\/wp-json\/wp\/v2\/product_tag?post=242541"}],"curies":[{"name":"wp","href":"https:\/\/api.w.org\/{rel}","templated":true}]}}