{"id":242562,"date":"2023-02-07T12:12:42","date_gmt":"2023-02-07T12:12:42","guid":{"rendered":"https:\/\/kuuk.fi\/?post_type=product&#038;p=242562"},"modified":"2024-07-10T09:12:33","modified_gmt":"2024-07-10T09:12:33","slug":"mytologia-huuhkaja-avaimenpera","status":"publish","type":"product","link":"https:\/\/kuuk.fi\/en\/product\/mytologia-huuhkaja-avaimenpera\/","title":{"rendered":"FINNISH MYTHOLOGY | EAGLE OWL-Keychain"},"content":{"rendered":"<p>[et_pb_section fb_built=&#8221;1&#8243; _builder_version=&#8221;4.16&#8243; custom_padding=&#8221;0px||||false|false&#8221; global_colors_info=&#8221;{}&#8221;][et_pb_row _builder_version=&#8221;4.16&#8243; background_size=&#8221;initial&#8221; background_position=&#8221;top_left&#8221; background_repeat=&#8221;repeat&#8221; width=&#8221;100%&#8221; custom_padding=&#8221;0px||0px||false|false&#8221; global_colors_info=&#8221;{}&#8221;][et_pb_column type=&#8221;4_4&#8243; _builder_version=&#8221;4.16&#8243; custom_padding=&#8221;|||&#8221; global_colors_info=&#8221;{}&#8221; custom_padding__hover=&#8221;|||&#8221;][et_pb_wc_breadcrumb _builder_version=&#8221;4.16&#8243; global_colors_info=&#8221;{}&#8221;][\/et_pb_wc_breadcrumb][et_pb_wc_cart_notice _builder_version=&#8221;4.16&#8243; global_colors_info=&#8221;{}&#8221;][\/et_pb_wc_cart_notice][\/et_pb_column][\/et_pb_row][et_pb_row column_structure=&#8221;1_2,1_2&#8243; _builder_version=&#8221;4.16&#8243; background_size=&#8221;initial&#8221; background_position=&#8221;top_left&#8221; background_repeat=&#8221;repeat&#8221; width=&#8221;100%&#8221; custom_padding=&#8221;0px||||false|false&#8221; global_colors_info=&#8221;{}&#8221;][et_pb_column type=&#8221;1_2&#8243; _builder_version=&#8221;4.16&#8243; custom_padding=&#8221;|||&#8221; global_colors_info=&#8221;{}&#8221; custom_padding__hover=&#8221;|||&#8221;][et_pb_wc_images _builder_version=&#8221;4.16&#8243; global_colors_info=&#8221;{}&#8221;][\/et_pb_wc_images][\/et_pb_column][et_pb_column type=&#8221;1_2&#8243; _builder_version=&#8221;4.16&#8243; custom_padding=&#8221;|||&#8221; global_colors_info=&#8221;{}&#8221; custom_padding__hover=&#8221;|||&#8221;][et_pb_wc_title _builder_version=&#8221;4.26.0&#8243; hover_enabled=&#8221;0&#8243; global_colors_info=&#8221;{}&#8221; sticky_enabled=&#8221;0&#8243;][\/et_pb_wc_title][et_pb_wc_rating _builder_version=&#8221;4.16&#8243; global_colors_info=&#8221;{}&#8221;][\/et_pb_wc_rating][et_pb_wc_price _builder_version=&#8221;4.16&#8243; global_colors_info=&#8221;{}&#8221;][\/et_pb_wc_price][et_pb_wc_description _builder_version=&#8221;4.16&#8243; global_colors_info=&#8221;{}&#8221;][\/et_pb_wc_description][et_pb_wc_add_to_cart _builder_version=&#8221;4.16&#8243; global_colors_info=&#8221;{}&#8221;][\/et_pb_wc_add_to_cart][et_pb_wc_meta _builder_version=&#8221;4.16&#8243; global_colors_info=&#8221;{}&#8221;][\/et_pb_wc_meta][\/et_pb_column][\/et_pb_row][et_pb_row _builder_version=&#8221;4.16&#8243; background_size=&#8221;initial&#8221; background_position=&#8221;top_left&#8221; background_repeat=&#8221;repeat&#8221; width=&#8221;100%&#8221; global_colors_info=&#8221;{}&#8221;][et_pb_column type=&#8221;4_4&#8243; _builder_version=&#8221;4.16&#8243; custom_padding=&#8221;|||&#8221; global_colors_info=&#8221;{}&#8221; custom_padding__hover=&#8221;|||&#8221;][et_pb_wc_tabs _builder_version=&#8221;4.16&#8243; global_colors_info=&#8221;{}&#8221;] [\/et_pb_wc_tabs][et_pb_wc_upsells _builder_version=&#8221;4.16&#8243; global_colors_info=&#8221;{}&#8221;][\/et_pb_wc_upsells][et_pb_wc_related_products _builder_version=&#8221;4.16&#8243; global_colors_info=&#8221;{}&#8221;][\/et_pb_wc_related_products][\/et_pb_column][\/et_pb_row][\/et_pb_section]<\/p>\n","protected":false},"excerpt":{"rendered":"<p>In Finnish folklore Eagle owls were believed to bring misfortune. They were a powerful symbol of death, called as \"escort birds\" who would take the souls of dying people with them. Spotted near a house, it was believed that house was going to host a funeral soon or at least a terrible accident was about to happen. Even hearing its call promised tragedy.<\/p>\n<p>The Eagle Owl key ring is perfect for decorating your key chain or bag! The keyring is made of Finnish FSC- and PEFC-certified birch plywood. Plywood is a wonderfully light material. The print is on both sides.<\/p>\n<p>Dimensions: 4,9 x 5,0 cm<\/p>\n<p>Avoid exposing the product to water and chemicals.<\/p>\n<p>Designer: Ninja Renvall<\/p>","protected":false},"featured_media":242546,"template":"","meta":{"_et_pb_use_builder":"on","_et_pb_old_content":"Muinaisessa Suomessa huuhkajaa pidettiin onnettomuutta enteilev\u00e4n\u00e4 lintuna. Huuhkajan ilmaantuessa pihapiiriin ajateltiin sen tulleen hakemaan kuolevan sielua tai v\u00e4hint\u00e4\u00e4nkin se lupaili jonkinlaista tapaturmaa.\r\n\r\nHuuhkaja-avaimenper\u00e4 on t\u00e4ydellinen avainnippuasi tai laukkuasi somistamaan! Avaimenper\u00e4 on valmistettu kotimaisesta FSC- ja PEFC-sertifioidusta koivuvanerista. Painatus on molemmilla puolilla. Vaneri on ihanan kevyt materiaali.\r\n\r\nAvaimenper\u00e4n mitat: 4,9 x 5,0 cm\r\n\r\nV\u00e4lt\u00e4 tuotteen altistamista vedelle ja kemikaaleille.\r\n\r\nSuunnittelija: Ninja Renvall","_et_gb_content_width":""},"product_cat":[119],"product_tag":[],"_links":{"self":[{"href":"https:\/\/kuuk.fi\/en\/wp-json\/wp\/v2\/product\/242562"}],"collection":[{"href":"https:\/\/kuuk.fi\/en\/wp-json\/wp\/v2\/product"}],"about":[{"href":"https:\/\/kuuk.fi\/en\/wp-json\/wp\/v2\/types\/product"}],"wp:featuredmedia":[{"embeddable":true,"href":"https:\/\/kuuk.fi\/en\/wp-json\/wp\/v2\/media\/242546"}],"wp:attachment":[{"href":"https:\/\/kuuk.fi\/en\/wp-json\/wp\/v2\/media?parent=242562"}],"wp:term":[{"taxonomy":"product_cat","embeddable":true,"href":"https:\/\/kuuk.fi\/en\/wp-json\/wp\/v2\/product_cat?post=242562"},{"taxonomy":"product_tag","embeddable":true,"href":"https:\/\/kuuk.fi\/en\/wp-json\/wp\/v2\/product_tag?post=242562"}],"curies":[{"name":"wp","href":"https:\/\/api.w.org\/{rel}","templated":true}]}}