{"id":242567,"date":"2023-02-13T07:21:38","date_gmt":"2023-02-13T07:21:38","guid":{"rendered":"https:\/\/kuuk.fi\/?post_type=product&#038;p=242567"},"modified":"2023-02-20T20:32:08","modified_gmt":"2023-02-20T20:32:08","slug":"vanerituoteperhe-aloituspaketti-max-korut","status":"publish","type":"product","link":"https:\/\/kuuk.fi\/en\/product\/vanerituoteperhe-aloituspaketti-max-korut\/","title":{"rendered":"Starter Bundle MAX 95 \u2013 JEWELLERY"},"content":{"rendered":"<p>[et_pb_section fb_built=&#8221;1&#8243; _builder_version=&#8221;4.19.5&#8243; _module_preset=&#8221;default&#8221; global_colors_info=&#8221;{}&#8221;][\/et_pb_section]<\/p>\n","protected":false},"excerpt":{"rendered":"<p>Brand products made of certified Finnish birch plywood that match your company's look support additional sales. Plywood products are printed and laser-cut according to your wishes! We also make products for artists from their own designs.<\/p>\n<ul>\n<li>\u00a0We assemble, pack and send the products to you ready for sale.<\/li>\n<li>The products are made from environmentally friendly 3 mm thick FSC and PEFC-certified Finnish birch plywood.<\/li>\n<li>The metal parts of the jewellery are silver-plated and do not contain nickel.<\/li>\n<li>The necklace cord is made of cotton, and it can be adjusted to the desired length.<\/li>\n<li>Jewellery and pins are attached to individualized background cardboard. Depending on your choice, the background will include a standard description, your company's logo, social media channels, website address or other information you want. The background cardboard is recycled.<\/li>\n<li>You can also order separately <a href=\"https:\/\/kuuk.fi\/en\/product\/myyntiteline\/\">display rack for products<\/a> to showcase them.<\/li>\n<\/ul>\n<p>&nbsp;<\/p>\n<p>Starter Kit MAX \u2013 JEWELRY contains 95 products from one (1) design. Note that the number of product groups is not limited; you can order products from all jewellery groups!<\/p>\n<p>Resell value of the products 2000-3000 \u20ac<\/p>","protected":false},"featured_media":242733,"template":"","meta":{"_et_pb_use_builder":"on","_et_pb_old_content":"<strong>Ohjeita tilaamiseen:<\/strong>\r\n<ul>\r\n \t<li>M\u00e4\u00e4rittele tilauksessasi, mist\u00e4 tuoteryhmist\u00e4 (korva- ja kaulakorut, avaimenper\u00e4t, magneetit, pinssit) kuvituksen haluat.<\/li>\r\n \t<li>Voit varata ajan kuvituksen suunnittelupalaveriin ja voit my\u00f6s liitt\u00e4\u00e4 tilaukseesi lis\u00e4tietoja suunnittelua varten.<\/li>\r\n \t<li>Saat ensimm\u00e4isen vedoksen s\u00e4hk\u00f6postiisi noin viikon kuluttua. Hyv\u00e4ksytyst\u00e4 vedoksesta tuotantoaika on noin kolme viikkoa<\/li>\r\n \t<li>Jatkotilaukset samalla kuvituksella ovat edullisempia, sill\u00e4 kuvituslevy on jo olemassa.<\/li>\r\n \t<li>Mik\u00e4li sinulla on kysymyksi\u00e4, <a href=\"https:\/\/kuuk.fi\/yhteystiedot\/\">autamme mielell\u00e4mme!<\/a><\/li>\r\n<\/ul>\r\n&nbsp;\r\n\r\n<strong>Materiaalit<\/strong>\r\n\r\nYmp\u00e4rist\u00f6yst\u00e4v\u00e4llisyys on meille erityisen t\u00e4rke\u00e4 arvo, ja se n\u00e4kyy my\u00f6s k\u00e4ytt\u00e4miss\u00e4mme materiaaleissa. Tuotteet valmistetaan kotimaisesta FSC- ja PEFC-sertifioidusta koivuvanerista, joka on kest\u00e4v\u00e4\u00e4 ja kevytt\u00e4. K\u00e4yt\u00e4mme tuotteissamme ainoastaan AB-pintalaatuista vaneria, jossa ei ole halkeamia, ep\u00e4muodostumia tai tahroja. Korunosat ovat hopeoituja, eiv\u00e4tk\u00e4 sis\u00e4ll\u00e4 nikkeli\u00e4. Kaulakorujen ny\u00f6ri on puuvillaa. Tuotteiden taustapahvit ovat kierr\u00e4tyskartonkia. K\u00e4yt\u00e4mme pakkausmateriaalit uudelleen postituksessa ja huolehdimme syntyneen j\u00e4tteen oikeanlaisesta kierr\u00e4tyksest\u00e4.\r\n\r\n<strong>Maksaminen<\/strong>\r\n\r\nVoit maksaa yhdess\u00e4 tai kahdessa er\u00e4ss\u00e4. Kahdessa er\u00e4ss\u00e4 maksaessasi l\u00e4het\u00e4mme 50 % laskun, kun aloitamme tuotesuunnittelun, ja toisen 50 % laskun, kun tuotteet ovat saapuneet sinulle. Jos maksat kahdessa osassa, lis\u00e4\u00e4mme laskutuslis\u00e4n 4,90 \u20ac. Veloitamme postimaksun 8,90 \u20ac. Ilmoita kassalla lis\u00e4tiedot kohdassa, haluatko maksaa yhdess\u00e4 vai kahdessa er\u00e4ss\u00e4.","_et_gb_content_width":""},"product_cat":[102],"product_tag":[],"_links":{"self":[{"href":"https:\/\/kuuk.fi\/en\/wp-json\/wp\/v2\/product\/242567"}],"collection":[{"href":"https:\/\/kuuk.fi\/en\/wp-json\/wp\/v2\/product"}],"about":[{"href":"https:\/\/kuuk.fi\/en\/wp-json\/wp\/v2\/types\/product"}],"wp:featuredmedia":[{"embeddable":true,"href":"https:\/\/kuuk.fi\/en\/wp-json\/wp\/v2\/media\/242733"}],"wp:attachment":[{"href":"https:\/\/kuuk.fi\/en\/wp-json\/wp\/v2\/media?parent=242567"}],"wp:term":[{"taxonomy":"product_cat","embeddable":true,"href":"https:\/\/kuuk.fi\/en\/wp-json\/wp\/v2\/product_cat?post=242567"},{"taxonomy":"product_tag","embeddable":true,"href":"https:\/\/kuuk.fi\/en\/wp-json\/wp\/v2\/product_tag?post=242567"}],"curies":[{"name":"wp","href":"https:\/\/api.w.org\/{rel}","templated":true}]}}